{"id":157,"date":"2020-11-05T09:11:35","date_gmt":"2020-11-05T14:11:35","guid":{"rendered":"http:\/\/madereradelpacifico.com\/?page_id=157"},"modified":"2020-12-03T15:15:28","modified_gmt":"2020-12-03T20:15:28","slug":"quienes-somos","status":"publish","type":"page","link":"https:\/\/madereradelpacifico.com\/index.php\/quienes-somos\/","title":{"rendered":"Quienes somos"},"content":{"rendered":"\t\t<div data-elementor-type=\"wp-page\" data-elementor-id=\"157\" class=\"elementor elementor-157\">\n\t\t\t\t\t\t<section class=\"elementor-section elementor-top-section elementor-element elementor-element-8e2afd4 elementor-section-boxed elementor-section-height-default elementor-section-height-default elementor-invisible\" data-id=\"8e2afd4\" data-element_type=\"section\" data-settings=\"{&quot;background_background&quot;:&quot;classic&quot;,&quot;animation&quot;:&quot;fadeInDown&quot;}\">\n\t\t\t\t\t\t\t<div class=\"elementor-background-overlay\"><\/div>\n\t\t\t\t\t\t\t<div class=\"elementor-container elementor-column-gap-no\">\n\t\t\t\t\t<div class=\"elementor-column elementor-col-100 elementor-top-column elementor-element elementor-element-66e7814\" data-id=\"66e7814\" data-element_type=\"column\">\n\t\t\t<div class=\"elementor-widget-wrap elementor-element-populated\">\n\t\t\t\t\t\t<div class=\"elementor-element elementor-element-dcd30c6 elementor-invisible elementor-widget elementor-widget-heading\" data-id=\"dcd30c6\" data-element_type=\"widget\" data-settings=\"{&quot;_animation&quot;:&quot;zoomInLeft&quot;}\" data-widget_type=\"heading.default\">\n\t\t\t\t<div class=\"elementor-widget-container\">\n\t\t\t<h2 class=\"elementor-heading-title elementor-size-default\">Maderera del Pac\u00edfico Ltda.<\/h2>\t\t<\/div>\n\t\t\t\t<\/div>\n\t\t\t\t<div class=\"elementor-element elementor-element-88b2466 elementor-widget__width-inherit elementor-widget elementor-widget-text-editor\" data-id=\"88b2466\" data-element_type=\"widget\" data-widget_type=\"text-editor.default\">\n\t\t\t\t<div class=\"elementor-widget-container\">\n\t\t\t\t\t\t\t<p>Maderera del Pac\u00edfico Ltda, compa\u00f1\u00eda fundada en el a\u00f1o 2005,<span style=\"font-size: inherit; letter-spacing: -0.015em; text-align: inherit;\">como un aliado estrat\u00e9gico de la industria nacional,<\/span><span style=\"font-size: inherit; letter-spacing: -0.015em; text-align: inherit;\">ofreciendo productos Elaborados en madera para&nbsp;<\/span><span style=\"font-size: inherit; letter-spacing: -0.015em; text-align: inherit;\">el almacenamiento, empaque y embalaje; fabricados&nbsp;<\/span><span style=\"font-size: inherit; letter-spacing: -0.015em; text-align: inherit;\">de acuerdo con sus necesidades y&nbsp;<\/span><span style=\"font-size: inherit; letter-spacing: -0.015em; text-align: inherit;\">seg\u00fan las caracter\u00edsticas del producto.<\/span><\/p>\t\t\t\t\t\t<\/div>\n\t\t\t\t<\/div>\n\t\t\t\t<div class=\"elementor-element elementor-element-f1643d4 elementor-invisible elementor-widget elementor-widget-text-editor\" data-id=\"f1643d4\" data-element_type=\"widget\" data-settings=\"{&quot;_animation&quot;:&quot;pulse&quot;}\" data-widget_type=\"text-editor.default\">\n\t\t\t\t<div class=\"elementor-widget-container\">\n\t\t\t\t\t\t\t<p><span style=\"font-size: 3.2rem; font-weight: bold; letter-spacing: -0.0415625em;\">Contamos con certificaci\u00f3n NIMF 15<\/span><\/p>\t\t\t\t\t\t<\/div>\n\t\t\t\t<\/div>\n\t\t\t\t<div class=\"elementor-element elementor-element-c7bd757 elementor-invisible elementor-widget elementor-widget-text-editor\" data-id=\"c7bd757\" data-element_type=\"widget\" data-settings=\"{&quot;_animation&quot;:&quot;pulse&quot;}\" data-widget_type=\"text-editor.default\">\n\t\t\t\t<div class=\"elementor-widget-container\">\n\t\t\t\t\t\t\t<p>para tratamiento fitosanitario que avala nuestros productos para exportaci\u00f3n, contamos con la certificaci\u00f3n BASC y hemos logrado en estos a\u00f1os establecer relaciones comerciales con empresas reconocidas en el pa\u00eds tales como carvajal S.A, Postob\u00f3n, Amcor Holdings Australia Pty ltda, Lafrancol, Pepsi, entre otras<\/p>\t\t\t\t\t\t<\/div>\n\t\t\t\t<\/div>\n\t\t\t\t\t<\/div>\n\t\t<\/div>\n\t\t\t\t\t<\/div>\n\t\t<\/section>\n\t\t\t\t<section class=\"elementor-section elementor-top-section elementor-element elementor-element-a020256 elementor-section-boxed elementor-section-height-default elementor-section-height-default\" data-id=\"a020256\" data-element_type=\"section\">\n\t\t\t\t\t\t<div class=\"elementor-container elementor-column-gap-default\">\n\t\t\t\t\t<div class=\"elementor-column elementor-col-100 elementor-top-column elementor-element elementor-element-9ea2e98\" data-id=\"9ea2e98\" data-element_type=\"column\">\n\t\t\t<div class=\"elementor-widget-wrap elementor-element-populated\">\n\t\t\t\t\t\t<div class=\"elementor-element elementor-element-d93d6e8 elementor-invisible elementor-widget elementor-widget-text-editor\" data-id=\"d93d6e8\" data-element_type=\"widget\" data-settings=\"{&quot;_animation&quot;:&quot;pulse&quot;}\" data-widget_type=\"text-editor.default\">\n\t\t\t\t<div class=\"elementor-widget-container\">\n\t\t\t\t\t\t\t<h4 style=\"text-align: justify;\">Aqui algunos de nuestros clientes&nbsp;<\/h4>\t\t\t\t\t\t<\/div>\n\t\t\t\t<\/div>\n\t\t\t\t<div class=\"elementor-element elementor-element-781e85e elementor-widget elementor-widget-gallery\" data-id=\"781e85e\" data-element_type=\"widget\" data-widget_type=\"gallery.default\">\n\t\t\t\t<div class=\"elementor-widget-container\">\n\t\t\t \t\t<\/div>\n\t\t\t\t<\/div>\n\t\t\t\t\t<\/div>\n\t\t<\/div>\n\t\t\t\t\t<\/div>\n\t\t<\/section>\n\t\t\t\t<\/div>\n\t\t","protected":false},"excerpt":{"rendered":"<p>Maderera del Pac\u00edfico Ltda. Maderera del Pac\u00edfico Ltda, compa\u00f1\u00eda fundada en el a\u00f1o 2005,como un aliado estrat\u00e9gico de la industria nacional,ofreciendo productos Elaborados en madera para&nbsp;el almacenamiento, empaque y embalaje; fabricados&nbsp;de acuerdo con sus necesidades y&nbsp;seg\u00fan las caracter\u00edsticas del producto. Contamos con certificaci\u00f3n NIMF 15 para tratamiento fitosanitario que avala nuestros productos para exportaci\u00f3n, contamos [&hellip;]<\/p>\n","protected":false},"author":1,"featured_media":0,"parent":0,"menu_order":0,"comment_status":"closed","ping_status":"closed","template":"elementor_header_footer","meta":{"footnotes":""},"class_list":["post-157","page","type-page","status-publish","hentry"],"_links":{"self":[{"href":"https:\/\/madereradelpacifico.com\/index.php\/wp-json\/wp\/v2\/pages\/157","targetHints":{"allow":["GET"]}}],"collection":[{"href":"https:\/\/madereradelpacifico.com\/index.php\/wp-json\/wp\/v2\/pages"}],"about":[{"href":"https:\/\/madereradelpacifico.com\/index.php\/wp-json\/wp\/v2\/types\/page"}],"author":[{"embeddable":true,"href":"https:\/\/madereradelpacifico.com\/index.php\/wp-json\/wp\/v2\/users\/1"}],"replies":[{"embeddable":true,"href":"https:\/\/madereradelpacifico.com\/index.php\/wp-json\/wp\/v2\/comments?post=157"}],"version-history":[{"count":4,"href":"https:\/\/madereradelpacifico.com\/index.php\/wp-json\/wp\/v2\/pages\/157\/revisions"}],"predecessor-version":[{"id":365,"href":"https:\/\/madereradelpacifico.com\/index.php\/wp-json\/wp\/v2\/pages\/157\/revisions\/365"}],"wp:attachment":[{"href":"https:\/\/madereradelpacifico.com\/index.php\/wp-json\/wp\/v2\/media?parent=157"}],"curies":[{"name":"wp","href":"https:\/\/api.w.org\/{rel}","templated":true}]}}