{"id":323,"date":"2020-11-16T19:40:18","date_gmt":"2020-11-17T00:40:18","guid":{"rendered":"http:\/\/madereradelpacifico.com\/?page_id=323"},"modified":"2020-12-12T10:42:40","modified_gmt":"2020-12-12T15:42:40","slug":"mision","status":"publish","type":"page","link":"https:\/\/madereradelpacifico.com\/index.php\/mision\/","title":{"rendered":"Misi\u00f3n"},"content":{"rendered":"\t\t<div data-elementor-type=\"wp-page\" data-elementor-id=\"323\" class=\"elementor elementor-323\">\n\t\t\t\t\t\t<section class=\"elementor-section elementor-top-section elementor-element elementor-element-4a6f7be elementor-section-boxed elementor-section-height-default elementor-section-height-default\" data-id=\"4a6f7be\" data-element_type=\"section\">\n\t\t\t\t\t\t<div class=\"elementor-container elementor-column-gap-default\">\n\t\t\t\t\t<div class=\"elementor-column elementor-col-100 elementor-top-column elementor-element elementor-element-c20e550\" data-id=\"c20e550\" data-element_type=\"column\">\n\t\t\t<div class=\"elementor-widget-wrap elementor-element-populated\">\n\t\t\t\t\t\t<div class=\"elementor-element elementor-element-aec6fa6 elementor-widget elementor-widget-slides\" data-id=\"aec6fa6\" data-element_type=\"widget\" data-widget_type=\"slides.default\">\n\t\t\t\t<div class=\"elementor-widget-container\">\n\t\t\t \t\t<\/div>\n\t\t\t\t<\/div>\n\t\t\t\t\t<\/div>\n\t\t<\/div>\n\t\t\t\t\t<\/div>\n\t\t<\/section>\n\t\t\t\t<section class=\"elementor-section elementor-top-section elementor-element elementor-element-0bfe534 elementor-section-boxed elementor-section-height-default elementor-section-height-default\" data-id=\"0bfe534\" data-element_type=\"section\">\n\t\t\t\t\t\t<div class=\"elementor-container elementor-column-gap-default\">\n\t\t\t\t\t<div class=\"elementor-column elementor-col-100 elementor-top-column elementor-element elementor-element-6ec00cd\" data-id=\"6ec00cd\" data-element_type=\"column\">\n\t\t\t<div class=\"elementor-widget-wrap elementor-element-populated\">\n\t\t\t\t\t\t<div class=\"elementor-element elementor-element-6e4a301 elementor-widget elementor-widget-text-editor\" data-id=\"6e4a301\" data-element_type=\"widget\" data-widget_type=\"text-editor.default\">\n\t\t\t\t<div class=\"elementor-widget-container\">\n\t\t\t\t\t\t\t<p>Como operadores de la cadena de suministro internacional nuestra misi\u00f3n est\u00e1 enfocada en brindar productos y servicios de alta calidad, seguros y confiables; garantizando las mejores pr\u00e1cticas durante las etapas de comercializaci\u00f3n y producci\u00f3n,\u00a0<\/p><p>basados en las necesidades y expectativas de nuestros asociados de negocio y los principios y valores de nuestros trabajadores, proporcionando empleo, desarrollo y protecci\u00f3n al medio ambiente, en alineaci\u00f3n\u00a0 con el marco normativo.<\/p>\t\t\t\t\t\t<\/div>\n\t\t\t\t<\/div>\n\t\t\t\t<div class=\"elementor-element elementor-element-d4d0f67 elementor-widget elementor-widget-gallery\" data-id=\"d4d0f67\" data-element_type=\"widget\" data-widget_type=\"gallery.default\">\n\t\t\t\t<div class=\"elementor-widget-container\">\n\t\t\t \t\t<\/div>\n\t\t\t\t<\/div>\n\t\t\t\t\t<\/div>\n\t\t<\/div>\n\t\t\t\t\t<\/div>\n\t\t<\/section>\n\t\t\t\t<section class=\"elementor-section elementor-top-section elementor-element elementor-element-1b7f19e elementor-section-boxed elementor-section-height-default elementor-section-height-default\" data-id=\"1b7f19e\" data-element_type=\"section\">\n\t\t\t\t\t\t<div class=\"elementor-container elementor-column-gap-default\">\n\t\t\t\t\t<div class=\"elementor-column elementor-col-100 elementor-top-column elementor-element elementor-element-a4db32e\" data-id=\"a4db32e\" data-element_type=\"column\">\n\t\t\t<div class=\"elementor-widget-wrap elementor-element-populated\">\n\t\t\t\t\t\t<div class=\"elementor-element elementor-element-741c565 elementor-widget elementor-widget-slides\" data-id=\"741c565\" data-element_type=\"widget\" data-widget_type=\"slides.default\">\n\t\t\t\t<div class=\"elementor-widget-container\">\n\t\t\t \t\t<\/div>\n\t\t\t\t<\/div>\n\t\t\t\t\t<\/div>\n\t\t<\/div>\n\t\t\t\t\t<\/div>\n\t\t<\/section>\n\t\t\t\t<section class=\"elementor-section elementor-top-section elementor-element elementor-element-363a263 elementor-section-boxed elementor-section-height-default elementor-section-height-default\" data-id=\"363a263\" data-element_type=\"section\">\n\t\t\t\t\t\t<div class=\"elementor-container elementor-column-gap-default\">\n\t\t\t\t\t<div class=\"elementor-column elementor-col-100 elementor-top-column elementor-element elementor-element-129b7c6\" data-id=\"129b7c6\" data-element_type=\"column\">\n\t\t\t<div class=\"elementor-widget-wrap\">\n\t\t\t\t\t\t\t<\/div>\n\t\t<\/div>\n\t\t\t\t\t<\/div>\n\t\t<\/section>\n\t\t\t\t<section class=\"elementor-section elementor-top-section elementor-element elementor-element-8e3d57c elementor-section-boxed elementor-section-height-default elementor-section-height-default\" data-id=\"8e3d57c\" data-element_type=\"section\">\n\t\t\t\t\t\t<div class=\"elementor-container elementor-column-gap-default\">\n\t\t\t\t\t<div class=\"elementor-column elementor-col-100 elementor-top-column elementor-element elementor-element-7d6a49e\" data-id=\"7d6a49e\" data-element_type=\"column\">\n\t\t\t<div class=\"elementor-widget-wrap elementor-element-populated\">\n\t\t\t\t\t\t<div class=\"elementor-element elementor-element-0324c3e elementor-widget elementor-widget-text-editor\" data-id=\"0324c3e\" data-element_type=\"widget\" data-widget_type=\"text-editor.default\">\n\t\t\t\t<div class=\"elementor-widget-container\">\n\t\t\t\t\t\t\t<p>Para el 2025 ser una empresa l\u00edder en el abastecimiento de productos elaborados en madera para el almacenamiento, empaque y embalaje, enfocados en atender las necesidades del sector Industrial a nivel nacional e internacional; estableciendo buenas pr\u00e1cticas empresariales, conforme a la legislaci\u00f3n y el mejoramiento continuo de los procesos.<\/p>\t\t\t\t\t\t<\/div>\n\t\t\t\t<\/div>\n\t\t\t\t<div class=\"elementor-element elementor-element-d2601e2 elementor-widget elementor-widget-gallery\" data-id=\"d2601e2\" data-element_type=\"widget\" data-widget_type=\"gallery.default\">\n\t\t\t\t<div class=\"elementor-widget-container\">\n\t\t\t \t\t<\/div>\n\t\t\t\t<\/div>\n\t\t\t\t\t<\/div>\n\t\t<\/div>\n\t\t\t\t\t<\/div>\n\t\t<\/section>\n\t\t\t\t<\/div>\n\t\t","protected":false},"excerpt":{"rendered":"<p>MISI\u00d3N Como operadores de la cadena de suministro internacional nuestra misi\u00f3n est\u00e1 enfocada en brindar productos y servicios de alta calidad, seguros y confiables; garantizando las mejores pr\u00e1cticas durante las etapas de comercializaci\u00f3n y producci\u00f3n,\u00a0 basados en las necesidades y expectativas de nuestros asociados de negocio y los principios y valores de nuestros trabajadores, proporcionando [&hellip;]<\/p>\n","protected":false},"author":1,"featured_media":0,"parent":0,"menu_order":0,"comment_status":"closed","ping_status":"closed","template":"elementor_header_footer","meta":{"footnotes":""},"class_list":["post-323","page","type-page","status-publish","hentry"],"_links":{"self":[{"href":"https:\/\/madereradelpacifico.com\/index.php\/wp-json\/wp\/v2\/pages\/323","targetHints":{"allow":["GET"]}}],"collection":[{"href":"https:\/\/madereradelpacifico.com\/index.php\/wp-json\/wp\/v2\/pages"}],"about":[{"href":"https:\/\/madereradelpacifico.com\/index.php\/wp-json\/wp\/v2\/types\/page"}],"author":[{"embeddable":true,"href":"https:\/\/madereradelpacifico.com\/index.php\/wp-json\/wp\/v2\/users\/1"}],"replies":[{"embeddable":true,"href":"https:\/\/madereradelpacifico.com\/index.php\/wp-json\/wp\/v2\/comments?post=323"}],"version-history":[{"count":17,"href":"https:\/\/madereradelpacifico.com\/index.php\/wp-json\/wp\/v2\/pages\/323\/revisions"}],"predecessor-version":[{"id":419,"href":"https:\/\/madereradelpacifico.com\/index.php\/wp-json\/wp\/v2\/pages\/323\/revisions\/419"}],"wp:attachment":[{"href":"https:\/\/madereradelpacifico.com\/index.php\/wp-json\/wp\/v2\/media?parent=323"}],"curies":[{"name":"wp","href":"https:\/\/api.w.org\/{rel}","templated":true}]}}